{"id":35718,"date":"2021-04-21T20:42:38","date_gmt":"2021-04-21T20:42:38","guid":{"rendered":"https:\/\/www.cfh.de\/?page_id=35718"},"modified":"2025-11-25T10:41:34","modified_gmt":"2025-11-25T10:41:34","slug":"gisbert-enkel","status":"publish","type":"page","link":"https:\/\/www.cfh.de\/en\/tgfs-team\/gisbert-enkel\/","title":{"rendered":"TGFS Gisbert Enkel"},"content":{"rendered":"<p>[et_pb_section fb_built=&#8220;1&#8243; _builder_version=&#8220;4.16&#8243; _module_preset=&#8220;default&#8220; animation_style=&#8220;slide&#8220; animation_direction=&#8220;bottom&#8220; animation_duration=&#8220;300ms&#8220; animation_delay=&#8220;50ms&#8220; animation_intensity_slide=&#8220;5%&#8220; animation_starting_opacity=&#8220;10%&#8220; animation_speed_curve=&#8220;ease-in&#8220; global_colors_info=&#8220;{}&#8220;][et_pb_row column_structure=&#8220;1_3,2_3&#8243; _builder_version=&#8220;4.16&#8243; _module_preset=&#8220;default&#8220; width=&#8220;100%&#8220; max_width=&#8220;80%&#8220; max_width_tablet=&#8220;60%&#8220; max_width_phone=&#8220;80%&#8220; max_width_last_edited=&#8220;on|tablet&#8220; animation_direction=&#8220;bottom&#8220; global_colors_info=&#8220;{}&#8220;][et_pb_column type=&#8220;1_3&#8243; _builder_version=&#8220;4.16&#8243; _module_preset=&#8220;default&#8220; global_colors_info=&#8220;{}&#8220;][et_pb_image src=&#8220;https:\/\/www.cfh.de\/wp-content\/uploads\/2021\/05\/TGFS-Enkel.jpg&#8220; alt=&#8220;Gisbert Enkel | CFH&#8220; title_text=&#8220;Gisbert Enkel | CFH&#8220; _builder_version=&#8220;4.16&#8243; _module_preset=&#8220;default&#8220; width=&#8220;100%&#8220; max_width=&#8220;100%&#8220; module_alignment=&#8220;center&#8220; animation_direction=&#8220;bottom&#8220; global_colors_info=&#8220;{}&#8220;][\/et_pb_image][et_pb_text _builder_version=&#8220;4.16&#8243; _module_preset=&#8220;default&#8220; text_font=&#8220;Noto Sans||||||||&#8220; text_text_color=&#8220;#495A66&#8243; text_font_size=&#8220;30px&#8220; custom_margin=&#8220;||21px|||&#8220; animation_direction=&#8220;bottom&#8220; locked=&#8220;off&#8220; global_colors_info=&#8220;{}&#8220;]<\/p>\n<p style=\"text-align: center;line-height:1em\"><strong  style=\"line-height: 1em\"> Gisbert Enkel<\/strong><br \/>\n<span style=\"font-size: large;\">Gesch\u00e4ftsf\u00fchrer<\/span><\/p>\n<p>[\/et_pb_text][et_pb_text _builder_version=&#8220;4.16.1&#8243; _module_preset=&#8220;default&#8220; text_font=&#8220;Noto Sans||||||||&#8220; text_text_color=&#8220;#495A66&#8243; text_font_size=&#8220;17px&#8220; text_line_height=&#8220;1.5em&#8220; link_text_color=&#8220;#495A66&#8243; text_orientation=&#8220;center&#8220; custom_margin=&#8220;||11px|||&#8220; animation_direction=&#8220;bottom&#8220; locked=&#8220;off&#8220; inline_fonts=&#8220;eleganticons&#8220; global_colors_info=&#8220;{}&#8220;]<\/p>\n<p><span style=\"font-family: inherit; font-weight: normal;\"><span style=\"font-family: eleganticons;\">\ue090<\/span> +49 172 7940777<\/span><br \/><span style=\"font-family: inherit; font-weight: normal;\"><span style=\"font-family: eleganticons;\">\ue076<\/span> <a href=\"mailto:gisbert.enkel@cfh.de\">gisbert.enkel@cfh.de<\/a><\/span><\/p>\n<p>[\/et_pb_text][et_pb_social_media_follow _builder_version=&#8220;4.16&#8243; _module_preset=&#8220;default&#8220; text_orientation=&#8220;center&#8220; custom_margin=&#8220;10%||||false|false&#8220; custom_margin_tablet=&#8220;&#8220; custom_margin_phone=&#8220;&#8220; custom_margin_last_edited=&#8220;on|desktop&#8220; global_colors_info=&#8220;{}&#8220;][et_pb_social_media_follow_network social_network=&#8220;twitter&#8220; url=&#8220;https:\/\/www.linkedin.com\/in\/gisbert-enkel-1005957b\/&#8220; icon_color=&#8220;RGBA(0,0,0,0)&#8220; _builder_version=&#8220;4.16&#8243; _module_preset=&#8220;default&#8220; background_enable_color=&#8220;off&#8220; background_image=&#8220;https:\/\/www.cfh.de\/wp-content\/uploads\/2021\/03\/in.png&#8220; background_enable_image=&#8220;on&#8220; background_size=&#8220;contain&#8220; global_colors_info=&#8220;{}&#8220; follow_button=&#8220;off&#8220; url_new_window=&#8220;on&#8220;]twitter[\/et_pb_social_media_follow_network][et_pb_social_media_follow_network social_network=&#8220;twitter&#8220; url=&#8220;https:\/\/www.xing.com\/profile\/Gisbert_Enkel\/cv%20&#8243; icon_color=&#8220;RGBA(0,0,0,0)&#8220; _builder_version=&#8220;4.16&#8243; _module_preset=&#8220;default&#8220; background_enable_color=&#8220;off&#8220; background_image=&#8220;https:\/\/www.cfh.de\/wp-content\/uploads\/2021\/03\/xing.png&#8220; background_enable_image=&#8220;on&#8220; background_size=&#8220;contain&#8220; global_colors_info=&#8220;{}&#8220; follow_button=&#8220;off&#8220; url_new_window=&#8220;on&#8220;]twitter[\/et_pb_social_media_follow_network][\/et_pb_social_media_follow][\/et_pb_column][et_pb_column type=&#8220;2_3&#8243; _builder_version=&#8220;4.16&#8243; _module_preset=&#8220;default&#8220; global_colors_info=&#8220;{}&#8220;][et_pb_text _builder_version=&#8220;4.16&#8243; _module_preset=&#8220;default&#8220; text_font=&#8220;Noto Sans||||||||&#8220; text_text_color=&#8220;#495A66&#8243; text_font_size=&#8220;17px&#8220; animation_direction=&#8220;bottom&#8220; text_font_size_tablet=&#8220;&#8220; text_font_size_phone=&#8220;14px&#8220; text_font_size_last_edited=&#8220;on|phone&#8220; global_colors_info=&#8220;{}&#8220;]<\/p>\n<p><strong>Gisbert Enkel ist Gesch\u00e4ftsf\u00fchrer des TGFS und der CFH Management GmbH | Fondsmanagement <\/strong><\/p>\n<p>Seit 1995 hat der gelernte Bankkaufmann das Beteiligungsgesch\u00e4ft der Sachsen LB mit aufgebaut. Nach der \u00dcbernahme der Sachsen LB durch die LBBW in 2007\/2008 war er bis 2017 als Mitglied der Gesch\u00e4ftsleitung bei der S\u00fcd Beteiligungen GmbH t\u00e4tig.<\/p>\n<p>Ma\u00dfgeblich hat Gisbert Enkel das gemeinsam mit den Sparkassenbeteiligungsgesellschaften gef\u00fchrte s\u00e4chsische Verbundfondsgesch\u00e4ft \u2013 WMS Wachstumsfonds Mittelstand Sachsen und TGFS Technologiegr\u00fcnderfonds Sachsen \u2013 entwickelt. Seit 2005 steht damit innovativen und wachstumsstarken Unternehmen in Sachsen Beteiligungskapital in H\u00f6he von rund M\u20ac 400 zur Verf\u00fcgung.\u3000<\/p>\n<p>Gisbert Enkel ist Diplom-\u00d6konom, er studierte Wirtschaftswissenschaften an der Universit\u00e4t Ruhr-Universit\u00e4t Bochum.<\/p>\n<p>[\/et_pb_text][et_pb_button button_url=&#8220;https:\/\/www.cfh.de\/tgfs-team\/#tgfsteam&#8220; button_text=&#8220;zur Team\u00fcbersicht&#8220; button_alignment=&#8220;left&#8220; _builder_version=&#8220;4.16&#8243; _module_preset=&#8220;default&#8220; custom_button=&#8220;on&#8220; button_text_size=&#8220;17px&#8220; button_text_color=&#8220;#495A66&#8243; button_border_width=&#8220;0px&#8220; button_font=&#8220;Noto Sans|700|||||||&#8220; button_icon=&#8220;&#x34;||divi||400&#8243; button_icon_color=&#8220;#495A66&#8243; button_icon_placement=&#8220;left&#8220; button_on_hover=&#8220;off&#8220; custom_margin=&#8220;13%||||false|false&#8220; locked=&#8220;off&#8220; global_colors_info=&#8220;{}&#8220; button_bg_color__hover=&#8220;RGBA(0,0,0,0)&#8220; button_bg_color__hover_enabled=&#8220;on|hover&#8220;][\/et_pb_button][\/et_pb_column][\/et_pb_row][\/et_pb_section]<\/p>\n","protected":false},"excerpt":{"rendered":"<p>Gisbert Enkel Gesch\u00e4ftsf\u00fchrer\ue090 +49 172 7940777\ue076 gisbert.enkel@cfh.detwittertwitterGisbert Enkel ist Gesch\u00e4ftsf\u00fchrer des TGFS und der CFH Management GmbH | Fondsmanagement Seit 1995 hat der gelernte Bankkaufmann das Beteiligungsgesch\u00e4ft der Sachsen LB mit aufgebaut. Nach der \u00dcbernahme der Sachsen LB durch die LBBW in 2007\/2008 war er bis 2017 als Mitglied der Gesch\u00e4ftsleitung bei der S\u00fcd Beteiligungen [&hellip;]<\/p>\n","protected":false},"author":5,"featured_media":0,"parent":34698,"menu_order":0,"comment_status":"closed","ping_status":"closed","template":"","meta":{"_et_pb_use_builder":"on","_et_pb_old_content":"","_et_gb_content_width":"","_custom_body_class":"","_custom_post_class":"","wp_typography_post_enhancements_disabled":false,"footnotes":""},"class_list":["post-35718","page","type-page","status-publish","hentry"],"yoast_head":"<!-- This site is optimized with the Yoast SEO plugin v27.2 - https:\/\/yoast.com\/product\/yoast-seo-wordpress\/ -->\n<title>TGFS Gisbert Enkel - CFH<\/title>\n<meta name=\"robots\" content=\"index, follow, max-snippet:-1, max-image-preview:large, max-video-preview:-1\" \/>\n<link rel=\"canonical\" href=\"https:\/\/www.cfh.de\/en\/tgfs-team\/gisbert-enkel\/\" \/>\n<meta property=\"og:locale\" content=\"en_US\" \/>\n<meta property=\"og:type\" content=\"article\" \/>\n<meta property=\"og:title\" content=\"TGFS Gisbert Enkel - CFH\" \/>\n<meta property=\"og:description\" content=\"Gisbert Enkel Gesch\u00e4ftsf\u00fchrer\ue090 +49 172 7940777\ue076 gisbert.enkel@cfh.detwittertwitterGisbert Enkel ist Gesch\u00e4ftsf\u00fchrer des TGFS und der CFH Management GmbH | Fondsmanagement Seit 1995 hat der gelernte Bankkaufmann das Beteiligungsgesch\u00e4ft der Sachsen LB mit aufgebaut. Nach der \u00dcbernahme der Sachsen LB durch die LBBW in 2007\/2008 war er bis 2017 als Mitglied der Gesch\u00e4ftsleitung bei der S\u00fcd Beteiligungen [&hellip;]\" \/>\n<meta property=\"og:url\" content=\"https:\/\/www.cfh.de\/en\/tgfs-team\/gisbert-enkel\/\" \/>\n<meta property=\"og:site_name\" content=\"CFH\" \/>\n<meta property=\"article:modified_time\" content=\"2025-11-25T10:41:34+00:00\" \/>\n<meta name=\"twitter:card\" content=\"summary_large_image\" \/>\n<meta name=\"twitter:label1\" content=\"Est. reading time\" \/>\n\t<meta name=\"twitter:data1\" content=\"3 minutes\" \/>\n<script type=\"application\/ld+json\" class=\"yoast-schema-graph\">{\"@context\":\"https:\/\/schema.org\",\"@graph\":[{\"@type\":\"WebPage\",\"@id\":\"https:\/\/www.cfh.de\/tgfs-team\/gisbert-enkel\/\",\"url\":\"https:\/\/www.cfh.de\/tgfs-team\/gisbert-enkel\/\",\"name\":\"TGFS Gisbert Enkel - CFH\",\"isPartOf\":{\"@id\":\"https:\/\/www.cfh.de\/#website\"},\"datePublished\":\"2021-04-21T20:42:38+00:00\",\"dateModified\":\"2025-11-25T10:41:34+00:00\",\"breadcrumb\":{\"@id\":\"https:\/\/www.cfh.de\/tgfs-team\/gisbert-enkel\/#breadcrumb\"},\"inLanguage\":\"en-US\",\"potentialAction\":[{\"@type\":\"ReadAction\",\"target\":[\"https:\/\/www.cfh.de\/tgfs-team\/gisbert-enkel\/\"]}]},{\"@type\":\"BreadcrumbList\",\"@id\":\"https:\/\/www.cfh.de\/tgfs-team\/gisbert-enkel\/#breadcrumb\",\"itemListElement\":[{\"@type\":\"ListItem\",\"position\":1,\"name\":\"Startseite\",\"item\":\"https:\/\/www.cfh.de\/\"},{\"@type\":\"ListItem\",\"position\":2,\"name\":\"TGFS Team\",\"item\":\"https:\/\/www.cfh.de\/tgfs-team\/\"},{\"@type\":\"ListItem\",\"position\":3,\"name\":\"TGFS Gisbert Enkel\"}]},{\"@type\":\"WebSite\",\"@id\":\"https:\/\/www.cfh.de\/#website\",\"url\":\"https:\/\/www.cfh.de\/\",\"name\":\"CFH\",\"description\":\"\",\"potentialAction\":[{\"@type\":\"SearchAction\",\"target\":{\"@type\":\"EntryPoint\",\"urlTemplate\":\"https:\/\/www.cfh.de\/?s={search_term_string}\"},\"query-input\":{\"@type\":\"PropertyValueSpecification\",\"valueRequired\":true,\"valueName\":\"search_term_string\"}}],\"inLanguage\":\"en-US\"}]}<\/script>\n<!-- \/ Yoast SEO plugin. -->","yoast_head_json":{"title":"TGFS Gisbert Enkel \u2014&nbsp;CFH","robots":{"index":"index","follow":"follow","max-snippet":"max-snippet:-1","max-image-preview":"max-image-preview:large","max-video-preview":"max-video-preview:-1"},"canonical":"https:\/\/www.cfh.de\/en\/tgfs-team\/gisbert-enkel\/","og_locale":"en_US","og_type":"article","og_title":"TGFS Gisbert Enkel - CFH","og_description":"Gisbert Enkel Gesch\u00e4ftsf\u00fchrer\ue090 +49 172 7940777\ue076 gisbert.enkel@cfh.detwittertwitterGisbert Enkel ist Gesch\u00e4ftsf\u00fchrer des TGFS und der CFH Management GmbH | Fondsmanagement Seit 1995 hat der gelernte Bankkaufmann das Beteiligungsgesch\u00e4ft der Sachsen LB mit aufgebaut. Nach der \u00dcbernahme der Sachsen LB durch die LBBW in 2007\/2008 war er bis 2017 als Mitglied der Gesch\u00e4ftsleitung bei der S\u00fcd Beteiligungen [&hellip;]","og_url":"https:\/\/www.cfh.de\/en\/tgfs-team\/gisbert-enkel\/","og_site_name":"CFH","article_modified_time":"2025-11-25T10:41:34+00:00","twitter_card":"summary_large_image","twitter_misc":{"Est. reading time":"3 minutes"},"schema":{"@context":"https:\/\/schema.org","@graph":[{"@type":"WebPage","@id":"https:\/\/www.cfh.de\/tgfs-team\/gisbert-enkel\/","url":"https:\/\/www.cfh.de\/tgfs-team\/gisbert-enkel\/","name":"TGFS Gisbert Enkel \u2014&nbsp;CFH","isPartOf":{"@id":"https:\/\/www.cfh.de\/#website"},"datePublished":"2021-04-21T20:42:38+00:00","dateModified":"2025-11-25T10:41:34+00:00","breadcrumb":{"@id":"https:\/\/www.cfh.de\/tgfs-team\/gisbert-enkel\/#breadcrumb"},"inLanguage":"en-US","potentialAction":[{"@type":"ReadAction","target":["https:\/\/www.cfh.de\/tgfs-team\/gisbert-enkel\/"]}]},{"@type":"BreadcrumbList","@id":"https:\/\/www.cfh.de\/tgfs-team\/gisbert-enkel\/#breadcrumb","itemListElement":[{"@type":"ListItem","position":1,"name":"Startseite","item":"https:\/\/www.cfh.de\/"},{"@type":"ListItem","position":2,"name":"TGFS Team","item":"https:\/\/www.cfh.de\/tgfs-team\/"},{"@type":"ListItem","position":3,"name":"TGFS Gisbert Enkel"}]},{"@type":"WebSite","@id":"https:\/\/www.cfh.de\/#website","url":"https:\/\/www.cfh.de\/","name":"CFH","description":"","potentialAction":[{"@type":"SearchAction","target":{"@type":"EntryPoint","urlTemplate":"https:\/\/www.cfh.de\/?s={search_term_string}"},"query-input":{"@type":"PropertyValueSpecification","valueRequired":true,"valueName":"search_term_string"}}],"inLanguage":"en-US"}]}},"_links":{"self":[{"href":"https:\/\/www.cfh.de\/en\/wp-json\/wp\/v2\/pages\/35718","targetHints":{"allow":["GET"]}}],"collection":[{"href":"https:\/\/www.cfh.de\/en\/wp-json\/wp\/v2\/pages"}],"about":[{"href":"https:\/\/www.cfh.de\/en\/wp-json\/wp\/v2\/types\/page"}],"author":[{"embeddable":true,"href":"https:\/\/www.cfh.de\/en\/wp-json\/wp\/v2\/users\/5"}],"replies":[{"embeddable":true,"href":"https:\/\/www.cfh.de\/en\/wp-json\/wp\/v2\/comments?post=35718"}],"version-history":[{"count":10,"href":"https:\/\/www.cfh.de\/en\/wp-json\/wp\/v2\/pages\/35718\/revisions"}],"predecessor-version":[{"id":45188,"href":"https:\/\/www.cfh.de\/en\/wp-json\/wp\/v2\/pages\/35718\/revisions\/45188"}],"up":[{"embeddable":true,"href":"https:\/\/www.cfh.de\/en\/wp-json\/wp\/v2\/pages\/34698"}],"wp:attachment":[{"href":"https:\/\/www.cfh.de\/en\/wp-json\/wp\/v2\/media?parent=35718"}],"curies":[{"name":"wp","href":"https:\/\/api.w.org\/{rel}","templated":true}]}}